{"id":18329,"date":"2024-09-16T15:35:00","date_gmt":"2024-09-16T13:35:00","guid":{"rendered":"https:\/\/www.welterbe-gartenreich.de\/journey\/"},"modified":"2025-12-22T16:10:22","modified_gmt":"2025-12-22T15:10:22","slug":"journey","status":"publish","type":"page","link":"https:\/\/www.welterbe-gartenreich.de\/en\/journey\/","title":{"rendered":"Journey"},"content":{"rendered":"<div class=\"wpb-content-wrapper\"><p>[vc_row gap=&#8221;25&#8243; content_placement=&#8221;middle&#8221; mobile_bg_img_hidden=&#8221;no&#8221; tablet_bg_img_hidden=&#8221;no&#8221; woodmart_parallax=&#8221;0&#8243; woodmart_gradient_switch=&#8221;no&#8221; row_reverse_mobile=&#8221;0&#8243; row_reverse_tablet=&#8221;0&#8243; woodmart_disable_overflow=&#8221;0&#8243;][vc_column offset=&#8221;vc_col-lg-offset-0&#8243; mobile_bg_img_hidden=&#8221;no&#8221; tablet_bg_img_hidden=&#8221;no&#8221; woodmart_parallax=&#8221;0&#8243; woodmart_sticky_column=&#8221;false&#8221; parallax_scroll=&#8221;no&#8221; mobile_reset_margin=&#8221;no&#8221; tablet_reset_margin=&#8221;no&#8221; el_class=&#8221;bild-oben-text-box sulking&#8221; woodmart_css_id=&#8221;62ec2a7263a54&#8243; wd_collapsible_content_switcher=&#8221;no&#8221; wd_column_role_offcanvas_desktop=&#8221;no&#8221; wd_column_role_offcanvas_tablet=&#8221;no&#8221; wd_column_role_offcanvas_mobile=&#8221;no&#8221; wd_column_role_content_desktop=&#8221;no&#8221; wd_column_role_content_tablet=&#8221;no&#8221; wd_column_role_content_mobile=&#8221;no&#8221; woodmart_box_shadow=&#8221;no&#8221; responsive_spacing=&#8221;eyJwYXJhbV90eXBlIjoid29vZG1hcnRfcmVzcG9uc2l2ZV9zcGFjaW5nIiwic2VsZWN0b3JfaWQiOiI2MmVjMmE3MjYzYTU0Iiwic2hvcnRjb2RlIjoidmNfY29sdW1uIiwiZGF0YSI6eyJ0YWJsZXQiOnt9LCJtb2JpbGUiOnt9fX0=&#8221; wd_z_index=&#8221;no&#8221;][vc_single_image image=&#8221;16672&#8243; img_size=&#8221;box-top-image&#8221; alignment=&#8221;center&#8221; onclick=&#8221;link_image&#8221; woodmart_inline=&#8221;no&#8221; parallax_scroll=&#8221;no&#8221; el_class=&#8221;bild-oben&#8221;][vc_row_inner][vc_column_inner el_class=&#8221;box-text-block&#8221;][vc_custom_heading text=&#8221;Journey&#8221; font_container=&#8221;tag:h2|text_align:center|color:rgba(0%2C0%2C0%2C0.55)&#8221; use_theme_fonts=&#8221;yes&#8221; el_class=&#8221;box-erste-ueberschrift&#8221;][vc_custom_heading text=&#8221;Rich in possibilities&#8221; font_container=&#8221;tag:h3|text_align:center|color:rgba(0%2C0%2C0%2C0.55)&#8221; use_theme_fonts=&#8221;yes&#8221; css=&#8221;&#8221; el_class=&#8221;box-zweite-ueberschrift&#8221;][vc_column_text css=&#8221;&#8221; woodmart_color_scheme=&#8221;dark&#8221; woodmart_inline=&#8221;no&#8221; text_larger=&#8221;no&#8221; el_class=&#8221;box-text&#8221;]Many roads lead to W\u00f6rlitz and through the Garden Realm. Here you will find the best options for seeing the entire World Heritage Site, getting smoothly from one highlight to the next and getting great discounts at the same time.[\/vc_column_text][\/vc_column_inner][\/vc_row_inner][\/vc_column][\/vc_row][vc_row woodmart_css_id=&#8221;61c0f77fc8a31&#8243; mobile_bg_img_hidden=&#8221;no&#8221; tablet_bg_img_hidden=&#8221;no&#8221; woodmart_parallax=&#8221;0&#8243; woodmart_gradient_switch=&#8221;no&#8221; woodmart_box_shadow=&#8221;no&#8221; wd_z_index=&#8221;no&#8221; woodmart_disable_overflow=&#8221;0&#8243; row_reverse_mobile=&#8221;0&#8243; row_reverse_tablet=&#8221;0&#8243;][vc_column][vc_text_separator title=&#8221;Plan&#8221; color=&#8221;black&#8221; css=&#8221;&#8221; el_class=&#8221;welterbe-abschnitt-ueberschrift&#8221;][vc_custom_heading text=&#8221;Car, train, bus or bicycle?&#8221; font_container=&#8221;tag:p|text_align:center&#8221; use_theme_fonts=&#8221;yes&#8221; css_animation=&#8221;appear&#8221; css=&#8221;&#8221; el_class=&#8221;welterbe-abschnitt-beschreibung&#8221;][\/vc_column][\/vc_row][vc_row woodmart_css_id=&#8221;61c0887e718b1&#8243; mobile_bg_img_hidden=&#8221;no&#8221; tablet_bg_img_hidden=&#8221;no&#8221; woodmart_parallax=&#8221;0&#8243; woodmart_gradient_switch=&#8221;no&#8221; woodmart_box_shadow=&#8221;no&#8221; wd_z_index=&#8221;no&#8221; woodmart_disable_overflow=&#8221;0&#8243; row_reverse_mobile=&#8221;0&#8243; row_reverse_tablet=&#8221;0&#8243; el_id=&#8221;Public guided tours of the park&#8221;][vc_column width=&#8221;1\/2&#8243; el_class=&#8221;welterbe-akkordion-container hell&#8221; woodmart_css_id=&#8221;65c0af331c0d3&#8243; parallax_scroll=&#8221;no&#8221; woodmart_sticky_column=&#8221;false&#8221; wd_collapsible_content_switcher=&#8221;no&#8221; wd_column_role_offcanvas_desktop=&#8221;no&#8221; wd_column_role_offcanvas_tablet=&#8221;no&#8221; wd_column_role_offcanvas_mobile=&#8221;no&#8221; wd_column_role_content_desktop=&#8221;no&#8221; wd_column_role_content_tablet=&#8221;no&#8221; wd_column_role_content_mobile=&#8221;no&#8221; mobile_bg_img_hidden=&#8221;no&#8221; tablet_bg_img_hidden=&#8221;no&#8221; woodmart_parallax=&#8221;0&#8243; woodmart_box_shadow=&#8221;no&#8221; responsive_spacing=&#8221;eyJwYXJhbV90eXBlIjoid29vZG1hcnRfcmVzcG9uc2l2ZV9zcGFjaW5nIiwic2VsZWN0b3JfaWQiOiI2NWMwYWYzMzFjMGQzIiwic2hvcnRjb2RlIjoidmNfY29sdW1uIiwiZGF0YSI6eyJ0YWJsZXQiOnt9LCJtb2JpbGUiOnt9fX0=&#8221; mobile_reset_margin=&#8221;no&#8221; tablet_reset_margin=&#8221;no&#8221; wd_z_index=&#8221;no&#8221;]\t\t\t<div class=\"info-box-wrapper\">\n\t\t\t\t<div id=\"wd-669a3bb0696ba\" class=\" wd-rs-669a3bb0696ba wd-info-box wd-wpb text-center box-icon-align-top box-style- color-scheme- wd-bg-none \">\n\t\t\t\t\t\t\t\t\t\t<div class=\"info-box-content\">\n\t\t\t\t\t\t<div class=\"info-box-subtitle subtitle-color-default wd-fontsize-xs subtitle-style-default\">To W\u00f6rlitz<\/div><h4 class=\"info-box-title title box-title-style-default wd-fontsize-m\">by car<\/h4>\t\t\t\t\t\t<div class=\"info-box-inner reset-last-child\"><p>W\u00f6rlitz is ideally located for a journey by car: you can reach the heart of the Garden Realm in just two hours from Erfurt and Dresden, in just 90 minutes from Berlin and Magdeburg and in just one hour from Leipzig and Halle. What you should know for your journey:<\/p>\n<\/div>\n\n\t\t\t\t\t\t\t\t\t\t\t<\/div>\n\n\t\t\t\t\t\n\t\t\t\t\t\t\t\t\t<\/div>\n\t\t\t<\/div>\n\t\t[vc_single_image image=&#8221;17415&#8243; img_size=&#8221;box-double-image&#8221; alignment=&#8221;center&#8221; css_animation=&#8221;none&#8221; css=&#8221;&#8221; woodmart_inline=&#8221;no&#8221; parallax_scroll=&#8221;no&#8221; el_class=&#8221;bild-oben&#8221;][vc_tta_accordion style=&#8221;flat&#8221; shape=&#8221;square&#8221; color=&#8221;peacoc&#8221; c_icon=&#8221;triangle&#8221; c_position=&#8221;right&#8221; active_section=&#8221;100&#8243; no_fill=&#8221;true&#8221; collapsible_all=&#8221;true&#8221; el_class=&#8221;welterbe-akkordion hell&#8221;][vc_tta_section title=&#8221;Arrival&#8221; tab_id=&#8221;1711535106146-853e8d27-0a92&#8243;][vc_column_text css=&#8221;&#8221; woodmart_inline=&#8221;no&#8221; text_larger=&#8221;no&#8221;]A9 M\u00fcnchen &#8211; Berlin, departure Vockerode<br \/>\nA2 Dortmund &#8211; Berlin, departure Kreuz Magdeburg<br \/>\nA14 Magdeburg &#8211; Dresden, departure Calbe[\/vc_column_text][\/vc_tta_section][vc_tta_section title=&#8221;Elbe ferry Coswig&#8221; tab_id=&#8221;1721311047649-e1fc95b6-1014&#8243;][vc_column_text css=&#8221;&#8221; woodmart_inline=&#8221;no&#8221; text_larger=&#8221;no&#8221;]We recommend crossing the Elbe with the historic yaw rope ferry between Coswig and W\u00f6rlitz.<\/p>\n<p>There is no ferry service in the months of January, February and December or during high or low water. Timetables, fares and current information can be found at <a href=\"http:\/\/www.stadtwerke-coswig-anhalt.de\/geschaeftsbereiche\/elbefaehre-coswig-anhalt.html\" target=\"_blank\" rel=\"noopener\">Stadtwerke Coswig<\/a>.[\/vc_column_text][\/vc_tta_section][vc_tta_section title=&#8221;Parking place&#8221; tab_id=&#8221;1721309116512-4ce1be52-cafe&#8221;][vc_column_text css=&#8221;&#8221; woodmart_inline=&#8221;no&#8221; text_larger=&#8221;no&#8221;]<strong>Large parking lot W\u00f6rlitzer Park<\/strong><br \/>\n<em>Seespitze 25, 06785 Oranienbaum-W\u00f6rlitz<\/em> (day ticket \u20ac 5.00, direct access to the northern part of W\u00f6rlitz Park with 10 min walk to the Gothic House, 10 min to the gondola station, 15 min to W\u00f6rlitz Castle)<\/p>\n<p><strong>Car park at Eichenkranz<\/strong><br \/>\n<em>Angergasse 104, 06785 Oranienbaum-W\u00f6rlitz <\/em>(day ticket \u20ac5.00, direct access to the palace gardens and gondola station, 10-minute walk to W\u00f6rlitz Palace)<\/p>\n<p><strong>W\u00f6rlitz town centre<\/strong><br \/>\nParking available at special rates<\/p>\n<p><strong>Note:<\/strong><br \/>\nTo ensure a smooth arrival, please note the distances between the car parks and the meeting point for your booked tour.[\/vc_column_text][\/vc_tta_section][vc_tta_section title=&#8221;Tips for coaches&#8221; tab_id=&#8221;1721374650257-233ec2d2-29f2&#8243;][vc_column_text css=&#8221;&#8221; woodmart_inline=&#8221;no&#8221; text_larger=&#8221;no&#8221;]<strong>Main car park for coaches:<\/strong><br \/>\n<em>Large car park at W\u00f6rlitzer Park<\/em>, Seespitze 25, 06785 Oranienbaum-W\u00f6rlitz (direct access to the northern part of W\u00f6rlitzer Park, 10 minutes&#8217; walk to the Gothic House, 10 minutes to the gondola station, 15 minutes to W\u00f6rlitz Palace)<br \/>\nCapacity for 15 coaches<br \/>\nToilets available<\/p>\n<p><strong>Individual parking spaces can be found in W\u00f6rlitz town centre:<\/strong><br \/>\n<em>Bus parking Angergasse, 06785 Oranienbaum-W\u00f6rlitz<\/em> (5 min walk to the palace)<br \/>\n<em>Bus parking lot Insel Stein, Erdmannsdorffstra\u00dfe 228c, 06785 Oranienbaum-W\u00f6rlitz<\/em> (5 min walk to Isle Stein)<br \/>\nBus parking lot at W\u00f6rlitz Brewery, Erdmannsdorffstra\u00dfe 60 (15 min walk to the palace)<\/p>\n<p><strong>Passengers can also disembark here:<\/strong><br \/>\n<em>W\u00f6rlitz Market, 06785 Oranienbaum-W\u00f6rlitz<\/em> (two short-stay parking spaces directly next to W\u00f6rlitz Palace)<\/p>\n<p><strong>Please note:<\/strong><br \/>\nTo ensure a smooth arrival, please note the distances between the car parks and the meeting point for your booked tour. The Eichenkranz and Frederiken Bridge are not accessible to buses![\/vc_column_text][\/vc_tta_section][vc_tta_section title=&#8221;Tips for motorhomes&#8221; tab_id=&#8221;1721310045173-1c33469d-0683&#8243;][vc_column_text css=&#8221;&#8221; woodmart_inline=&#8221;no&#8221; text_larger=&#8221;no&#8221;]<strong>W\u00f6rlitz motorhome parking area<\/strong><br \/>\n<em>Large car park at W\u00f6rlitz Park, Seespitze 25, 06785 Oranienbaum-W\u00f6rlitz, OT Stadt W\u00f6rlitz<\/em><strong><br \/>\n<\/strong><\/p>\n<p>24 motorhome parking spaces with toilets, showers, electricity and water supply.<br \/>\nNo waste disposal facilities!<br \/>\nOpen all year round.<br \/>\nTel. +49(0)15218591537<br \/>\nThe parking fee must be requested and paid at the kiosk on site. <\/p>\n<p><strong>Oranienbaum campsite<\/strong><br \/>\n<em>Motorhome parking area, Dessauer Str. 49, 06785 Oranienbaum-W\u00f6rlitz, OT Oranienbaum<\/em><strong><br \/>\n<\/strong><\/p>\n<p>Campsite with electricity, toilets, showers, waste water and toilet disposal, and drinking water supply.<br \/>\nAvailable from 1 April to 31 October.<br \/>\nFrom \u00a315.00<br \/>\n<span class=\"fontstyle0\">Tel. +49(0)34904.28628 or<\/span> <span class=\"fontstyle0\"> +49(0)15783419168<br \/>\n<\/span><a href=\"mailto:gvw-oranienbaum@web.de\">gvw-oranienbaum@web.de<\/a>[\/vc_column_text][\/vc_tta_section][\/vc_tta_accordion][\/vc_column][vc_column width=&#8221;1\/2&#8243; el_class=&#8221;welterbe-akkordion-container hell&#8221; woodmart_css_id=&#8221;61adc2bcb9a4c&#8221; parallax_scroll=&#8221;no&#8221; woodmart_sticky_column=&#8221;false&#8221; wd_collapsible_content_switcher=&#8221;no&#8221; mobile_bg_img_hidden=&#8221;no&#8221; tablet_bg_img_hidden=&#8221;no&#8221; woodmart_parallax=&#8221;0&#8243; woodmart_box_shadow=&#8221;no&#8221; mobile_reset_margin=&#8221;no&#8221; tablet_reset_margin=&#8221;no&#8221; wd_z_index=&#8221;no&#8221;]\t\t\t<div class=\"info-box-wrapper\">\n\t\t\t\t<div id=\"wd-669a3c67bee95\" class=\" wd-rs-669a3c67bee95 wd-info-box wd-wpb text-center box-icon-align-top box-style- color-scheme- wd-bg-none \">\n\t\t\t\t\t\t\t\t\t\t<div class=\"info-box-content\">\n\t\t\t\t\t\t<div class=\"info-box-subtitle subtitle-color-default wd-fontsize-xs subtitle-style-default\">Through the Garden Realm<\/div><h4 class=\"info-box-title title box-title-style-default wd-fontsize-m\">by public transport<\/h4>\t\t\t\t\t\t<div class=\"info-box-inner reset-last-child\"><p>W\u00f6rlitz and the Garden Realm are a perfect destination for long-distance travelers: Simply take the regional train to Dessau main station or the ICE to Lutherstadt Wittenberg. From there, the numerous highlights of the World Heritage Site can be easily reached by public transport.<\/p>\n<\/div>\n\n\t\t\t\t\t\t\t\t\t\t\t<\/div>\n\n\t\t\t\t\t\n\t\t\t\t\t\t\t\t\t<\/div>\n\t\t\t<\/div>\n\t\t[vc_single_image image=&#8221;16918&#8243; img_size=&#8221;box-double-image&#8221; alignment=&#8221;center&#8221; css_animation=&#8221;none&#8221; css=&#8221;&#8221; woodmart_inline=&#8221;no&#8221; parallax_scroll=&#8221;no&#8221; el_class=&#8221;bild-oben&#8221;][vc_tta_accordion style=&#8221;flat&#8221; shape=&#8221;square&#8221; color=&#8221;peacoc&#8221; c_icon=&#8221;triangle&#8221; c_position=&#8221;right&#8221; active_section=&#8221;100&#8243; no_fill=&#8221;true&#8221; collapsible_all=&#8221;true&#8221; el_class=&#8221;welterbe-akkordion hell&#8221;][vc_tta_section title=&#8221;Dessau-W\u00f6rlitz Railway&#8221; tab_id=&#8221;1711534597389-a417a9b5-1d92&#8243;][vc_column_text css=&#8221;&#8221; woodmart_inline=&#8221;no&#8221; text_larger=&#8221;no&#8221;]With the Dessau-W\u00f6rlitz Railway you can reach<\/p>\n<p><a href=\"https:\/\/www.welterbe-gartenreich.de\/en\/unesco-world-heritage-site\/luisium\/\">Luisium Palace and Park<\/a> &#8211; Waldersee stop<br \/>\n<a href=\"https:\/\/www.welterbe-gartenreich.de\/en\/unesco-world-heritage-site\/oranienbaum\/\">Oranienbaum Palace and Palace Park<\/a><strong> &#8211;<\/strong> Station stop. Oranienbaum<br \/>\n<a href=\"https:\/\/www.welterbe-gartenreich.de\/en\/unesco-world-heritage-site\/park-woerlitz\/\">W\u00f6rlitzer Park<\/a><strong> &#8211;<\/strong> Bus stop Bhf. W\u00f6rlitz<\/p>\n<p>The Dessau-W\u00f6rlitz Railway runs during the season from 23 March to 03 November 2024.<\/p>\n<p><a href=\"https:\/\/www.dvv-dessau.de\/verkehr\/fahrplan-woerlitzer-eisenbahn\/#Fahrplan\" target=\"_blank\" rel=\"noopener\">Current timetable<\/a> at Stadtwerke Dessau[\/vc_column_text][\/vc_tta_section][vc_tta_section title=&#8221;World Heritage Line&#8221; tab_id=&#8221;1721383238119-43e8d9c5-f6f9&#8243;][vc_column_text css=&#8221;&#8221; woodmart_inline=&#8221;no&#8221; text_larger=&#8221;no&#8221;]The bus routes 304 and 310, which are marked as World Heritage lines, run every hour and connect Lutherstadt Wittenberg, W\u00f6rlitz and Dessau in a circular route without changing buses. The buses run all year round. You can find the <a href=\"https:\/\/www.anhalt-dessau-wittenberg.de\/sites\/default\/files\/2023-08\/WelterbeLinie_Plakat%20A3%20quer_aktuell2023.pdf\" target=\"_blank\" rel=\"noopener\">route map<\/a> and <a href=\"https:\/\/www.mein-bus.net\/Linienverkehr\/Fahrplanaush%C3%A4nge\/index.html\" target=\"_blank\" rel=\"noopener\">timetables<\/a> for routes 304 and 310 here.  <\/p>\n<p><a href=\"https:\/\/www.welterbe-gartenreich.de\/en\/unesco-world-heritage-site\/park-woerlitz\/\">W\u00f6rlitz Park<\/a> &#8211; W\u00f6rlitz, Neue Reihe stop<br \/>\n<a href=\"https:\/\/www.welterbe-gartenreich.de\/en\/unesco-world-heritage-site\/oranienbaum\/\">Oranienbaum Castle Park<\/a> &#8211; Oranienbaum station stop.<br \/>\n<a href=\"https:\/\/www.welterbe-gartenreich.de\/en\/unesco-world-heritage-site\/luisium\/\">Park Luisium<\/a> &#8211; Dessau Waldersee, Vogelherd stop[\/vc_column_text][\/vc_tta_section][vc_tta_section title=&#8221;Urban transport and regional train&#8221; tab_id=&#8221;1721383234586-15f2ae56-1362&#8243;][vc_column_text css=&#8221;&#8221; woodmart_inline=&#8221;no&#8221; text_larger=&#8221;no&#8221;]The Dessau-Ro\u00dflau city bus network takes you to the castles and parks within the city limits. The buses run all year round. Please note the respective <a href=\"https:\/\/www.dvv-dessau.de\/verkehr\/fahrplan-bus-und-strassenbahn\/\" target=\"_blank\" rel=\"noopener\">public transport timetables of Stadtwerke Dessau<\/a>.  <\/p>\n<p>Use the following lines and stops from Dessau Central Station to reach your destination:<\/p>\n<p><a href=\"https:\/\/www.welterbe-gartenreich.de\/en\/unesco-world-heritage-site\/georgium\/\">Georgium Palace and Park<\/a> &#8211; Lines 11, 12 and 17, Dessau Puschkinallee\/Tierpark stop<br \/>\n<a href=\"https:\/\/www.welterbe-gartenreich.de\/en\/unesco-world-heritage-site\/mosigkau\/\">Mosigkau Palace and Palace Park<\/a> &#8211; Line 16, Dessau Mosigkau Anhalter Str. stop<br \/>\n<a href=\"https:\/\/www.welterbe-gartenreich.de\/en\/unesco-world-heritage-site\/park-grosskuehnau\/\">Gro\u00dfk\u00fchnau Palace and Park<\/a> &#8211; Line 11, stop Dessau Roesickestr.<br \/>\n<a href=\"https:\/\/www.welterbe-gartenreich.de\/en\/unesco-world-heritage-site\/luisium\/\">Luisium Palace and Park<\/a> &#8211; Line 13, Dessau Waldersee, Vogelherd stop[\/vc_column_text][vc_column_text css=&#8221;&#8221; woodmart_inline=&#8221;no&#8221; text_larger=&#8221;no&#8221;]Regionalbahn 50 takes you to Dessau-Mosigkau. <a href=\"https:\/\/www.welterbe-gartenreich.de\/en\/unesco-world-heritage-site\/mosigkau\/\">The palace and palace park<\/a> can be reached on foot in 15 minutes.[\/vc_column_text][\/vc_tta_section][vc_tta_section title=&#8221;Plan your trip&#8221; tab_id=&#8221;1721383427489-b811048c-92d5&#8243;][vc_column_text css=&#8221;&#8221; woodmart_inline=&#8221;no&#8221; text_larger=&#8221;no&#8221;]To plan your trip, please use the <a href=\"https:\/\/www.insa.de\/\" target=\"_blank\" rel=\"noopener\">INSA<\/a> website for local public transport in Saxony-Anhalt and in the Central German Transport Association or <a href=\"https:\/\/www.bahn.de\/buchung\/start?intern=1\" target=\"_blank\" rel=\"noopener\">Deutsche Bahn<\/a>.[\/vc_column_text][\/vc_tta_section][\/vc_tta_accordion][\/vc_column][\/vc_row][vc_row woodmart_css_id=&#8221;61d2ff8fb2ca3&#8243; mobile_bg_img_hidden=&#8221;no&#8221; tablet_bg_img_hidden=&#8221;no&#8221; woodmart_parallax=&#8221;0&#8243; woodmart_gradient_switch=&#8221;no&#8221; woodmart_box_shadow=&#8221;yes&#8221; wd_z_index=&#8221;no&#8221; woodmart_disable_overflow=&#8221;0&#8243; row_reverse_mobile=&#8221;0&#8243; row_reverse_tablet=&#8221;0&#8243;][vc_column width=&#8221;2\/3&#8243;]\t\t\t<div class=\"info-box-wrapper\">\n\t\t\t\t<div id=\"wd-66d9a5e0d6fb2\" class=\" wd-rs-66d9a5e0d6fb2 wd-info-box wd-wpb text-center box-icon-align-top box-style- color-scheme- wd-bg-none \">\n\t\t\t\t\t\t\t\t\t\t<div class=\"info-box-content\">\n\t\t\t\t\t\t<div class=\"info-box-subtitle subtitle-color-default wd-fontsize-xs subtitle-style-default\">Did you know?<\/div><h4 class=\"info-box-title title box-title-style-default wd-fontsize-m\">Recommendation for cyclists<\/h4>\t\t\t\t\t\t<div class=\"info-box-inner reset-last-child\"><p>Not all gardens, parks and castles can be reached by car or public transport. There is one exception: you can only get to the <a href=\"https:\/\/www.welterbe-gartenreich.de\/en\/unesco-world-heritage-site\/sieglitzer-berg\/\">forest park on Sieglitzer Berg<\/a>, far away from the towns and roads, peacefully nestled in the beautiful Elbe meadow landscape, by bike or on foot. A truly magical place of &#8220;forest solitude&#8221;.  <\/p>\n<p>Yes, the best way to explore the entire Garden Realm is by bicycle.<br \/>\nYou can find more information <a href=\"https:\/\/www.welterbe-gartenreich.de\/en\/bicycle\/\">here<\/a>.<\/p>\n<\/div>\n\n\t\t\t\t\t\t\t\t\t\t\t<\/div>\n\n\t\t\t\t\t\n\t\t\t\t\t\t\t\t\t<\/div>\n\t\t\t<\/div>\n\t\t[\/vc_column][vc_column width=&#8221;1\/3&#8243;]\t\t<div class=\"promo-banner-wrapper  wd-rs-69495b29675f6 \">\n\t\t\t<div id=\"wd-69495b29675f6\" class=\"promo-banner  banner- banner-hover-zoom color-scheme-light banner-btn-size-default banner-btn-style-default  wd-with-link wd-underline-colored\">\n\t\t\t\t<div class=\"main-wrapp-img\">\n\t\t\t\t\t<div class=\"banner-image wd-bg-position-center\" >\n\t\t\t\t\t\t<img loading=\"lazy\" decoding=\"async\" title=\"Park am Sieglitzer Berg &copy;Thomas Koy\" width=\"800\" height=\"600\" src=\"https:\/\/www.welterbe-gartenreich.de\/wp-content\/uploads\/2025\/12\/sieglitzer2-800x600.png\" class=\"attachment-800x600 size-800x600\" alt=\"\" \/>\t\t\t\t\t<\/div>\n\t\t\t\t<\/div>\n\n\t\t\t\t<div class=\"wrapper-content-banner wd-fill  wd-items-top wd-justify-left\">\n\t\t\t\t\t<div class=\"content-banner  text-left\">\n\t\t\t\t\t\t\t\t\t\t\t\t\n\t\t\t\t\t\t\n\t\t\t\t\t\t\t\t\t\t\t<\/div>\n\t\t\t\t<\/div>\n\n\t\t\t\t\t\t\t\t\t<a class=\"wd-promo-banner-link wd-fill\" aria-label=\"Banner link\" href=\"https:\/\/welterbecard.de\/\" title=\"\" target=\"_blank\"><\/a>\n\t\t\t\t\n\t\t\t\t\t\t\t<\/div>\n\t\t<\/div>\n\n\t\t[\/vc_column][\/vc_row][vc_row woodmart_css_id=&#8221;61c0f77fc8a31&#8243; mobile_bg_img_hidden=&#8221;no&#8221; tablet_bg_img_hidden=&#8221;no&#8221; woodmart_parallax=&#8221;0&#8243; woodmart_gradient_switch=&#8221;no&#8221; woodmart_box_shadow=&#8221;no&#8221; wd_z_index=&#8221;no&#8221; woodmart_disable_overflow=&#8221;0&#8243; row_reverse_mobile=&#8221;0&#8243; row_reverse_tablet=&#8221;0&#8243;][vc_column][vc_text_separator title=&#8221;Any questions?&#8221; color=&#8221;black&#8221; el_class=&#8221;welterbe-abschnitt-ueberschrift&#8221;][vc_custom_heading text=&#8221;We are here for you!&#8221; font_container=&#8221;tag:p|text_align:center&#8221; use_theme_fonts=&#8221;yes&#8221; css_animation=&#8221;appear&#8221; css=&#8221;&#8221; el_class=&#8221;welterbe-abschnitt-beschreibung&#8221;][\/vc_column][\/vc_row][vc_row woodmart_css_id=&#8221;61d2ff8fb2ca3&#8243; mobile_bg_img_hidden=&#8221;no&#8221; tablet_bg_img_hidden=&#8221;no&#8221; woodmart_parallax=&#8221;0&#8243; woodmart_gradient_switch=&#8221;no&#8221; woodmart_box_shadow=&#8221;yes&#8221; wd_z_index=&#8221;no&#8221; woodmart_disable_overflow=&#8221;0&#8243; row_reverse_mobile=&#8221;0&#8243; row_reverse_tablet=&#8221;0&#8243;][vc_column width=&#8221;1\/2&#8243;]\t\t\t<div class=\"info-box-wrapper\">\n\t\t\t\t<div id=\"wd-65bccc9941dd4\" class=\" wd-rs-65bccc9941dd4 wd-info-box wd-wpb text-center box-icon-align-top box-style- color-scheme- wd-bg-none \">\n\t\t\t\t\t\t\t\t\t\t<div class=\"info-box-content\">\n\t\t\t\t\t\t<div class=\"info-box-subtitle subtitle-color-default wd-fontsize-xs subtitle-style-default\">Gartenreich Dessau-W\u00f6rlitz<\/div><h4 class=\"info-box-title title box-title-style-default wd-fontsize-m\">Touristinformation<\/h4>\t\t\t\t\t\t<div class=\"info-box-inner reset-last-child\"><p>in the kitchen building at W\u00f6rlitz Palace<br \/>\nKirchgasse 35, D-06785 Oranienbaum-W\u00f6rlitz<br \/>\nPhone +49 (0) 3 49 05.3 10 09<br \/>\n<a href=\"mailto:info@welterbe-gartenreich.de\">info@welterbe-gartenreich.de<\/a><br \/>\n<a href=\"http:\/\/www.welterbe-gartenreich.de\" target=\"_blank\" rel=\"noopener\">www.welterbe-gartenreich.de<\/a><\/p>\n<\/div>\n\n\t\t\t\t\t\t\t\t\t\t\t<\/div>\n\n\t\t\t\t\t\n\t\t\t\t\t\t\t\t\t<\/div>\n\t\t\t<\/div>\n\t\t[\/vc_column][vc_column width=&#8221;1\/2&#8243;]\t\t\t<div class=\"info-box-wrapper\">\n\t\t\t\t<div id=\"wd-69495b118e615\" class=\" wd-rs-69495b118e615 wd-info-box wd-wpb text-center box-icon-align-top box-style- color-scheme- wd-bg-none \">\n\t\t\t\t\t\t\t\t\t\t<div class=\"info-box-content\">\n\t\t\t\t\t\t<h4 class=\"info-box-title title box-title-style-default wd-fontsize-m\">Opening hours 2026<\/h4>\t\t\t\t\t\t<div class=\"info-box-inner reset-last-child\"><p>January to March 20, November, December:<br \/>\nMon to Fri 9:30 am to 4:00 pm<\/p>\n<p>21. March to November 1:<br \/>\nMon to Thu, Sun, public holidays 9:30 am to 4:00 pm<br \/>\nFri and Sat 9:30 am to 5:00 pm<\/p>\n<\/div>\n\n\t\t\t\t\t\t\t\t\t\t\t<\/div>\n\n\t\t\t\t\t\n\t\t\t\t\t\t\t\t\t<\/div>\n\t\t\t<\/div>\n\t\t[\/vc_column][\/vc_row]<\/p>\n<\/div>","protected":false},"excerpt":{"rendered":"<p>[vc_row gap=&#8221;25&#8243; content_placement=&#8221;middle&#8221; mobile_bg_img_hidden=&#8221;no&#8221; tablet_bg_img_hidden=&#8221;no&#8221; woodmart_parallax=&#8221;0&#8243; woodmart_gradient_switch=&#8221;no&#8221; row_reverse_mobile=&#8221;0&#8243; row_reverse_tablet=&#8221;0&#8243; woodmart_disable_overflow=&#8221;0&#8243;][vc_column offset=&#8221;vc_col-lg-offset-0&#8243; mobile_bg_img_hidden=&#8221;no&#8221; tablet_bg_img_hidden=&#8221;no&#8221; woodmart_parallax=&#8221;0&#8243; woodmart_sticky_column=&#8221;false&#8221; parallax_scroll=&#8221;no&#8221; mobile_reset_margin=&#8221;no&#8221; tablet_reset_margin=&#8221;no&#8221; el_class=&#8221;bild-oben-text-box sulking&#8221;<\/p>\n","protected":false},"author":21,"featured_media":16918,"parent":0,"menu_order":0,"comment_status":"closed","ping_status":"closed","template":"","meta":{"_acf_changed":false,"_seopress_robots_primary_cat":"","_seopress_titles_title":"Arrival | Garden Realm of Dessau-W\u00f6rlitz","_seopress_titles_desc":"Here are the best ways to travel to W\u00f6rlitzer Park and through the Garden Realm of Dessau-W\u00f6rlitz.","_seopress_robots_index":"","footnotes":""},"class_list":["post-18329","page","type-page","status-publish","has-post-thumbnail","hentry"],"acf":[],"_links":{"self":[{"href":"https:\/\/www.welterbe-gartenreich.de\/en\/wp-json\/wp\/v2\/pages\/18329","targetHints":{"allow":["GET"]}}],"collection":[{"href":"https:\/\/www.welterbe-gartenreich.de\/en\/wp-json\/wp\/v2\/pages"}],"about":[{"href":"https:\/\/www.welterbe-gartenreich.de\/en\/wp-json\/wp\/v2\/types\/page"}],"author":[{"embeddable":true,"href":"https:\/\/www.welterbe-gartenreich.de\/en\/wp-json\/wp\/v2\/users\/21"}],"replies":[{"embeddable":true,"href":"https:\/\/www.welterbe-gartenreich.de\/en\/wp-json\/wp\/v2\/comments?post=18329"}],"version-history":[{"count":10,"href":"https:\/\/www.welterbe-gartenreich.de\/en\/wp-json\/wp\/v2\/pages\/18329\/revisions"}],"predecessor-version":[{"id":22049,"href":"https:\/\/www.welterbe-gartenreich.de\/en\/wp-json\/wp\/v2\/pages\/18329\/revisions\/22049"}],"wp:featuredmedia":[{"embeddable":true,"href":"https:\/\/www.welterbe-gartenreich.de\/en\/wp-json\/wp\/v2\/media\/16918"}],"wp:attachment":[{"href":"https:\/\/www.welterbe-gartenreich.de\/en\/wp-json\/wp\/v2\/media?parent=18329"}],"curies":[{"name":"wp","href":"https:\/\/api.w.org\/{rel}","templated":true}]}}