{"id":11604,"date":"2022-01-07T15:29:58","date_gmt":"2022-01-07T14:29:58","guid":{"rendered":"https:\/\/www.welterbe-gartenreich.de\/about-us\/"},"modified":"2025-12-22T14:51:46","modified_gmt":"2025-12-22T13:51:46","slug":"about-us","status":"publish","type":"page","link":"https:\/\/www.welterbe-gartenreich.de\/en\/about-us\/","title":{"rendered":"About us"},"content":{"rendered":"<div class=\"wpb-content-wrapper\"><p>[vc_row gap=&#8221;25&#8243; content_placement=&#8221;top&#8221; mobile_bg_img_hidden=&#8221;no&#8221; tablet_bg_img_hidden=&#8221;no&#8221; woodmart_parallax=&#8221;0&#8243; woodmart_gradient_switch=&#8221;no&#8221; row_reverse_mobile=&#8221;0&#8243; row_reverse_tablet=&#8221;0&#8243; woodmart_disable_overflow=&#8221;0&#8243;][vc_column offset=&#8221;vc_col-lg-offset-0&#8243; mobile_bg_img_hidden=&#8221;no&#8221; tablet_bg_img_hidden=&#8221;no&#8221; woodmart_parallax=&#8221;0&#8243; woodmart_sticky_column=&#8221;false&#8221; parallax_scroll=&#8221;no&#8221; mobile_reset_margin=&#8221;no&#8221; tablet_reset_margin=&#8221;no&#8221; el_class=&#8221;bild-oben-text-box&#8221;][vc_gallery type=&#8221;flexslider_slide&#8221; interval=&#8221;3&#8243; images=&#8221;15820,15835,14452,15833,15837&#8243; img_size=&#8221;box-top-image&#8221; onclick=&#8221;&#8221; css=&#8221;.vc_custom_1765355305237{margin-bottom: 0px !important;padding-bottom: 0px !important;}&#8221; el_class=&#8221;slider-oben&#8221;][vc_row_inner][vc_column_inner el_class=&#8221;box-text-block&#8221;][vc_custom_heading text=&#8221;About us&#8221; font_container=&#8221;tag:h2|text_align:center|color:rgba(0%2C0%2C0%2C0.55)&#8221; use_theme_fonts=&#8221;yes&#8221; el_class=&#8221;box-erste-ueberschrift&#8221;][vc_custom_heading text=&#8221;for the Garden Realm&#8221; font_container=&#8221;tag:h3|text_align:center|color:rgba(0%2C0%2C0%2C0.55)&#8221; use_theme_fonts=&#8221;yes&#8221; el_class=&#8221;box-zweite-ueberschrift&#8221;][vc_column_text woodmart_color_scheme=&#8221;dark&#8221; woodmart_inline=&#8221;no&#8221; text_larger=&#8221;no&#8221; el_class=&#8221;box-text&#8221;]Right next to W\u00f6rlitz Palace, the historic kitchen building with its glazed summer dining room shines through the trees. In the 18th century, Prince Franz still had his meals prepared there. Today, you will once again find a <a href=\"https:\/\/gastwirtschaft-woerlitz.de\/\" target=\"_blank\" rel=\"noopener\">restaurant<\/a> in the renovated rooms \u2013 and our tourist information office. We are happy to be of service![\/vc_column_text][read_more id=&#8221;1&#8243; more=&#8221;Continue reading&#8221; less=&#8221;Less&#8221;]We have helpful tips and suggestions for your visit to the Garden Realm and the region ready for you. In addition to the possibility to buy tickets for castle visits, gondola rides, park tours, events and much more. A rich assortment of literature and lovingly selected souvenirs is waiting for you in our shop.<\/p>\n<p>Let yourself be inspired and immerse yourself with us in the diversity of the Garden Realm: But bring enough time with you! Getting to know and understand the UNESCO World Heritage Site in all its facets takes more than a day.<\/p>\n<p>We wish you an inspiring stay in the Garden Realm.<br \/>\nDaniela Borngr\u00e4ber<br \/>\nand the team at the Tourist Information Centre[\/read_more][\/vc_column_inner][\/vc_row_inner][\/vc_column][\/vc_row][vc_row woodmart_css_id=&#8221;61c0887e718b1&#8243; mobile_bg_img_hidden=&#8221;no&#8221; tablet_bg_img_hidden=&#8221;no&#8221; woodmart_parallax=&#8221;0&#8243; woodmart_gradient_switch=&#8221;no&#8221; woodmart_box_shadow=&#8221;no&#8221; wd_z_index=&#8221;no&#8221; woodmart_disable_overflow=&#8221;0&#8243; row_reverse_mobile=&#8221;0&#8243; row_reverse_tablet=&#8221;0&#8243;][vc_column el_class=&#8221;welterbe-akkordion-container hell&#8221; woodmart_css_id=&#8221;65c0af331c0d3&#8243; parallax_scroll=&#8221;no&#8221; woodmart_sticky_column=&#8221;false&#8221; wd_collapsible_content_switcher=&#8221;no&#8221; wd_column_role_offcanvas_desktop=&#8221;no&#8221; wd_column_role_offcanvas_tablet=&#8221;no&#8221; wd_column_role_offcanvas_mobile=&#8221;no&#8221; wd_column_role_content_desktop=&#8221;no&#8221; wd_column_role_content_tablet=&#8221;no&#8221; wd_column_role_content_mobile=&#8221;no&#8221; mobile_bg_img_hidden=&#8221;no&#8221; tablet_bg_img_hidden=&#8221;no&#8221; woodmart_parallax=&#8221;0&#8243; woodmart_box_shadow=&#8221;no&#8221; responsive_spacing=&#8221;eyJwYXJhbV90eXBlIjoid29vZG1hcnRfcmVzcG9uc2l2ZV9zcGFjaW5nIiwic2VsZWN0b3JfaWQiOiI2NWMwYWYzMzFjMGQzIiwic2hvcnRjb2RlIjoidmNfY29sdW1uIiwiZGF0YSI6eyJ0YWJsZXQiOnt9LCJtb2JpbGUiOnt9fX0=&#8221; mobile_reset_margin=&#8221;no&#8221; tablet_reset_margin=&#8221;no&#8221; wd_z_index=&#8221;no&#8221;][vc_custom_heading text=&#8221;Good to know&#8221; use_theme_fonts=&#8221;yes&#8221; el_class=&#8221;akkordion-ueberschrift&#8221;][vc_tta_accordion style=&#8221;flat&#8221; shape=&#8221;square&#8221; color=&#8221;peacoc&#8221; c_icon=&#8221;triangle&#8221; c_position=&#8221;right&#8221; active_section=&#8221;100&#8243; no_fill=&#8221;true&#8221; collapsible_all=&#8221;true&#8221; el_class=&#8221;welterbe-akkordion hell&#8221;][vc_tta_section title=&#8221;Opening hours&#8221; tab_id=&#8221;1709717856346-1fabd888-5114a75b-f950&#8243;][vc_column_text css=&#8221;&#8221; woodmart_inline=&#8221;no&#8221; text_larger=&#8221;no&#8221;]<strong>December 2025<\/strong><br \/>\nJanuary to 20 March, November, December 2026:<br \/>\nMonday to Friday, 10:00 a.m. to 4:00 p.m.<br \/>\n21 March to 31 October 2026:<br \/>\nMonday to Thursday, Sunday, public holidays, 9:30 a.m. to 4:00 p.m.<br \/>\nFriday and Saturday 9:30 a.m. to 5:00 p.m.[\/vc_column_text][\/vc_tta_section][vc_tta_section title=&#8221;Address&#8221; tab_id=&#8221;1709717856345-afdcdd61-8a33a75b-f950&#8243;][vc_column_text woodmart_inline=&#8221;no&#8221; text_larger=&#8221;no&#8221;]<strong>Gartenreich Dessau-W\u00f6rlitz<\/strong><br \/>\n<strong>Touristinformation<\/strong><\/p>\n<p>im K\u00fcchengeb\u00e4ude am Schloss W\u00f6rlitz<br \/>\nKirchgasse 35<br \/>\nD-06785 Oranienbaum-W\u00f6rlitz[\/vc_column_text][\/vc_tta_section][vc_tta_section title=&#8221;Contact&#8221; tab_id=&#8221;1709717856346-c208c649-65a2a75b-f950&#8243;][vc_column_text woodmart_inline=&#8221;no&#8221; text_larger=&#8221;no&#8221;]Wir helfen Ihnen weiter und beraten Sie gern: Dazu k\u00f6nnen Sie unser <a href=\"https:\/\/www.welterbe-gartenreich.de\/en\/contact\/\">Kontaktformular<\/a> f\u00fcr Ihre Anfrage nutzen oder uns per Mail und Telefon w\u00e4hrend der \u00d6ffnungszeiten erreichen.<\/p>\n<p>Telefon +49 (0) 3 49 05.3 10 09<br \/>\n<a href=\"mailto:info@welterbe-gartenreich.de\">info@welterbe-gartenreich.de<\/a>[\/vc_column_text][\/vc_tta_section][vc_tta_section title=&#8221;Accessibility&#8221; tab_id=&#8221;1709721223421-afa27d7c-6929a75b-f950&#8243;][vc_column_text woodmart_inline=&#8221;no&#8221; text_larger=&#8221;no&#8221;]The Garden Realm of Dessau-W\u00f6rlitz should and can be visited and experienced by everyone. In order to prepare for a visit to the UNESCO World Heritage Site, our tourist information office has been tested for its accessibility for people with walking, visual and hearing impairments as well as people with cognitive impairments. All information can be found bundled on the website of <a href=\"https:\/\/www.reisen-fuer-alle.de\/gartenreich_information_im_woerlitzer_park_249.html?action=detail&amp;item_id=3176\">Reisen f\u00fcr alle<\/a>.<\/p>\n<p><img loading=\"lazy\" decoding=\"async\" class=\"alignnone size-full wp-image-16541\" src=\"https:\/\/www.welterbe-gartenreich.de\/wp-content\/uploads\/2024\/03\/bilder-va-projekte_rfa-seiten_logo_barrierefreiheit_quer_rgb_m_hg-grau_300_107_c.png\" alt=\"\" width=\"300\" height=\"107\" srcset=\"https:\/\/www.welterbe-gartenreich.de\/wp-content\/uploads\/2024\/03\/bilder-va-projekte_rfa-seiten_logo_barrierefreiheit_quer_rgb_m_hg-grau_300_107_c.png 300w, https:\/\/www.welterbe-gartenreich.de\/wp-content\/uploads\/2024\/03\/bilder-va-projekte_rfa-seiten_logo_barrierefreiheit_quer_rgb_m_hg-grau_300_107_c-150x54.png 150w\" sizes=\"auto, (max-width: 300px) 100vw, 300px\" \/>[\/vc_column_text][\/vc_tta_section][\/vc_tta_accordion][\/vc_column][\/vc_row][vc_row][vc_column][vc_empty_space woodmart_hide_large=&#8221;0&#8243; woodmart_hide_medium=&#8221;0&#8243; woodmart_hide_small=&#8221;0&#8243;]\t\t<div class=\"promo-banner-wrapper  wd-rs-687f693109997 \">\n\t\t\t<div id=\"wd-687f693109997\" class=\"promo-banner  banner- banner-hover-zoom color-scheme-light banner-btn-size-default banner-btn-style-default  wd-with-link wd-underline-colored\">\n\t\t\t\t<div class=\"main-wrapp-img\">\n\t\t\t\t\t<div class=\"banner-image wd-bg-position-center\" >\n\t\t\t\t\t\t<img loading=\"lazy\" decoding=\"async\" title=\"PARTNER-Flusslandschaft Elbe-RGB-01-01_neuneu\" width=\"800\" height=\"135\" src=\"https:\/\/www.welterbe-gartenreich.de\/wp-content\/uploads\/2025\/07\/PARTNER-Flusslandschaft-Elbe-RGB-01-01_neuneu.png\" class=\"attachment-800x600 size-800x600\" alt=\"\" \/>\t\t\t\t\t<\/div>\n\t\t\t\t<\/div>\n\n\t\t\t\t<div class=\"wrapper-content-banner wd-fill  wd-items-top wd-justify-left\">\n\t\t\t\t\t<div class=\"content-banner  text-left\">\n\t\t\t\t\t\t\t\t\t\t\t\t\n\t\t\t\t\t\t\n\t\t\t\t\t\t\t\t\t\t\t<\/div>\n\t\t\t\t<\/div>\n\n\t\t\t\t\t\t\t\t\t<a class=\"wd-promo-banner-link wd-fill\" aria-label=\"Banner link\" href=\"https:\/\/www.mittelelbe.com\/mittelelbe\/front_content.php?\" title=\"\" target=\"_blank\"><\/a>\n\t\t\t\t\n\t\t\t\t\t\t\t<\/div>\n\t\t<\/div>\n\n\t\t[vc_empty_space woodmart_hide_large=&#8221;0&#8243; woodmart_hide_medium=&#8221;0&#8243; woodmart_hide_small=&#8221;0&#8243;][\/vc_column][\/vc_row]<\/p>\n<\/div>","protected":false},"excerpt":{"rendered":"<p>[vc_row gap=&#8221;25&#8243; content_placement=&#8221;top&#8221; mobile_bg_img_hidden=&#8221;no&#8221; tablet_bg_img_hidden=&#8221;no&#8221; woodmart_parallax=&#8221;0&#8243; woodmart_gradient_switch=&#8221;no&#8221; row_reverse_mobile=&#8221;0&#8243; row_reverse_tablet=&#8221;0&#8243; woodmart_disable_overflow=&#8221;0&#8243;][vc_column offset=&#8221;vc_col-lg-offset-0&#8243; mobile_bg_img_hidden=&#8221;no&#8221; tablet_bg_img_hidden=&#8221;no&#8221; woodmart_parallax=&#8221;0&#8243; woodmart_sticky_column=&#8221;false&#8221; parallax_scroll=&#8221;no&#8221; mobile_reset_margin=&#8221;no&#8221; tablet_reset_margin=&#8221;no&#8221; el_class=&#8221;bild-oben-text-box&#8221;][vc_gallery type=&#8221;flexslider_slide&#8221;<\/p>\n","protected":false},"author":1,"featured_media":15820,"parent":0,"menu_order":0,"comment_status":"closed","ping_status":"closed","template":"","meta":{"_acf_changed":false,"_seopress_robots_primary_cat":"","_seopress_titles_title":"","_seopress_titles_desc":"","_seopress_robots_index":"","footnotes":""},"class_list":["post-11604","page","type-page","status-publish","has-post-thumbnail","hentry"],"acf":[],"_links":{"self":[{"href":"https:\/\/www.welterbe-gartenreich.de\/en\/wp-json\/wp\/v2\/pages\/11604","targetHints":{"allow":["GET"]}}],"collection":[{"href":"https:\/\/www.welterbe-gartenreich.de\/en\/wp-json\/wp\/v2\/pages"}],"about":[{"href":"https:\/\/www.welterbe-gartenreich.de\/en\/wp-json\/wp\/v2\/types\/page"}],"author":[{"embeddable":true,"href":"https:\/\/www.welterbe-gartenreich.de\/en\/wp-json\/wp\/v2\/users\/1"}],"replies":[{"embeddable":true,"href":"https:\/\/www.welterbe-gartenreich.de\/en\/wp-json\/wp\/v2\/comments?post=11604"}],"version-history":[{"count":10,"href":"https:\/\/www.welterbe-gartenreich.de\/en\/wp-json\/wp\/v2\/pages\/11604\/revisions"}],"predecessor-version":[{"id":22012,"href":"https:\/\/www.welterbe-gartenreich.de\/en\/wp-json\/wp\/v2\/pages\/11604\/revisions\/22012"}],"wp:featuredmedia":[{"embeddable":true,"href":"https:\/\/www.welterbe-gartenreich.de\/en\/wp-json\/wp\/v2\/media\/15820"}],"wp:attachment":[{"href":"https:\/\/www.welterbe-gartenreich.de\/en\/wp-json\/wp\/v2\/media?parent=11604"}],"curies":[{"name":"wp","href":"https:\/\/api.w.org\/{rel}","templated":true}]}}